{"id":193,"date":"2021-12-09T18:38:13","date_gmt":"2021-12-09T18:38:13","guid":{"rendered":"https:\/\/www.joebarteam.fun\/?page_id=193"},"modified":"2023-11-17T00:04:32","modified_gmt":"2023-11-17T00:04:32","slug":"bonus","status":"publish","type":"page","link":"https:\/\/www.joebarteam.fun\/?page_id=193","title":{"rendered":"Bonus"},"content":{"rendered":"\n<p><strong><span class=\"has-inline-color has-luminous-vivid-orange-color\">VIDEO BONUS NA KONCI T\u00c9TO STR\u00c1NKY !!!<\/span><\/strong><\/p>\n\n\n<div class=\"wp-block-image\">\n<figure class=\"aligncenter size-large\"><img data-recalc-dims=\"1\" loading=\"lazy\" decoding=\"async\" width=\"1024\" height=\"401\" src=\"https:\/\/i0.wp.com\/www.joebarteam.fun\/wp-content\/uploads\/2022\/01\/team.jpg?resize=1024%2C401&#038;ssl=1\" alt=\"\" class=\"wp-image-524\" srcset=\"https:\/\/i0.wp.com\/www.joebarteam.fun\/wp-content\/uploads\/2022\/01\/team.jpg?resize=1024%2C401&amp;ssl=1 1024w, https:\/\/i0.wp.com\/www.joebarteam.fun\/wp-content\/uploads\/2022\/01\/team.jpg?resize=300%2C117&amp;ssl=1 300w, https:\/\/i0.wp.com\/www.joebarteam.fun\/wp-content\/uploads\/2022\/01\/team.jpg?resize=768%2C301&amp;ssl=1 768w, https:\/\/i0.wp.com\/www.joebarteam.fun\/wp-content\/uploads\/2022\/01\/team.jpg?resize=1320%2C517&amp;ssl=1 1320w, https:\/\/i0.wp.com\/www.joebarteam.fun\/wp-content\/uploads\/2022\/01\/team.jpg?w=1510&amp;ssl=1 1510w\" sizes=\"auto, (max-width: 1024px) 100vw, 1024px\" \/><figcaption>Joe Bar Team<\/figcaption><\/figure>\n<\/div>\n\n\n<p><br>Prvn\u00ed d\u00edl byl p\u016fvodn\u011b vyd\u00e1n v roce 1990 a m\u011bl dal\u0161\u00edch \u0161est d\u00edl\u016f.&nbsp;Dobrodru\u017estv\u00ed jezdc\u016f se odehr\u00e1valo v roce 1975 v Pa\u0159\u00ed\u017ei, ale jejich motocykly byly v pozd\u011bj\u0161\u00edch komiksech vym\u011bn\u011bny za modern\u011bj\u0161\u00ed.&nbsp;\u010casov\u00e9 zasazen\u00ed nen\u00ed a\u017e tak d\u016fle\u017eit\u00e9, proto\u017ee situace, se kter\u00fdmi se setk\u00e1vaj\u00ed, jsou nad\u010dasov\u00e9 a vtipn\u011b zobrazuj\u00ed v\u0161echny aspekty motork\u00e1\u0159sk\u00e9ho ducha a \u017eivota, \u010cty\u0159i hlavn\u00ed postavy jezd\u00ed na legend\u00e1rn\u00edch stroj\u00edch jako Norton 850 Commando, Ducati 900SS, Kawasaki 750H2 a Honda CB750.<\/p>\n\n\n\n<p>Bojuj\u00ed s polici\u00ed, jezdci na Harley\u00edch, lacin\u00fdmi nefunk\u010dn\u00edmi elektrick\u00fdmi dopl\u0148ky a mezi sebou navz\u00e1jem.&nbsp;    D\u00edl 2. m\u00e1 jin\u00fd styl kreslen\u00ed (FANE) a sk\u00e1\u010de do 90. let, kdy p\u016fvodn\u00ed hrdinov\u00e9 upgradovali sv\u00e9 motorky a p\u0159ijali do party n\u011bjak\u00e9 nov\u00e9 d\u011bti.<\/p>\n\n\n\n<h2 class=\"wp-block-heading\" id=\"postavy-serialu\">Postavy seri\u00e1lu:<\/h2>\n\n\n\n<p>a mal\u00e9 p\u0159ekladatelsk\u00e9 vysv\u011btlen\u00ed..<\/p>\n\n\n<div class=\"wp-block-image is-style-default\">\n<figure class=\"alignright size-full\"><img data-recalc-dims=\"1\" loading=\"lazy\" decoding=\"async\" width=\"350\" height=\"269\" src=\"https:\/\/i0.wp.com\/www.joebarteam.fun\/wp-content\/uploads\/2021\/12\/70ff2374f9e48400986fda1f52e34371.jpg?resize=350%2C269&#038;ssl=1\" alt=\"\" class=\"wp-image-204\" srcset=\"https:\/\/i0.wp.com\/www.joebarteam.fun\/wp-content\/uploads\/2021\/12\/70ff2374f9e48400986fda1f52e34371.jpg?w=350&amp;ssl=1 350w, https:\/\/i0.wp.com\/www.joebarteam.fun\/wp-content\/uploads\/2021\/12\/70ff2374f9e48400986fda1f52e34371.jpg?resize=300%2C231&amp;ssl=1 300w\" sizes=\"auto, (max-width: 350px) 100vw, 350px\" \/><\/figure>\n<\/div>\n\n\n<p><strong>Joe<\/strong>, majitel kav\u00e1rny.&nbsp;Norm\u00e1ln\u011b nejezd\u00ed, ale na Moto Guzzi se objevil minim\u00e1ln\u011b dvakr\u00e1t.<br><strong>Edouard&nbsp;Bracame<\/strong>,&nbsp;Arbre \u00e0&nbsp;comes&nbsp;: va\u010dkov\u00fd h\u0159\u00eddel), Honda CB750, od druh\u00e9ho alba: Honda CB 1000 Big One.<br><strong>Guido&nbsp;Brasletti, <\/strong>Italsk\u00fd v\u00fdraz pro obj\u00edmky sn\u00ed\u017een\u00fdch \u0159\u00edd\u00edtek-guidon, co\u017e byla velmi typick\u00e1 \u00faprava na italsk\u00fdch motocyklech.&nbsp;Jsou to mal\u00e9 obj\u00edmky, kter\u00e9 se m\u00edsto tradi\u010dn\u00edch \u0159\u00edd\u00edtek p\u0159ipev\u0148uj\u00ed p\u0159\u00edmo na trubky p\u0159edn\u00ed vidlice a poskytuj\u00ed aerodynami\u010dt\u011bj\u0161\u00ed polohu ve skr\u010den\u00e9 poloze.&nbsp;Ve Spojen\u00e9m kr\u00e1lovstv\u00ed zn\u00e1m\u00e9 jako \u201eclip-ons\u201c.&nbsp;Ducati 750 Sport, od druh\u00e9ho alba Ducati 900SS.<br><strong>Jean-Raoul&nbsp;Ducable&nbsp;<\/strong> Slovn\u00ed h\u0159\u00ed\u010dka \u201eJ&#8217;enroule du cable\u201c (svinovac\u00ed kabel), slangov\u00fd zp\u016fsob, jak \u0159\u00edkat zrychlen\u00ed na moto, proto\u017ee oto\u010d\u00edte rukojet\u00ed, abyste \u201enamotali bowden\u201c. Kawasaki 750H2, od druh\u00e9ho alba Suzuki GSXR 750.<br><strong>Jean&nbsp;Manchzeck<\/strong>&nbsp;.&nbsp;Slovn\u00ed h\u0159\u00ed\u010dka \u201ej&#8217;emmanche sec\u201c, slangov\u00fd zp\u016fsob, jak \u0159\u00edct, \u017ee jezd\u00edm velmi rychle.&nbsp;Norton Commando850, od druh\u00e9ho alba Triumph Daytona 900.<\/p>\n\n\n\n<p><em>Pak se objevili ve druh\u00e9m d\u00edle:<\/em><br><strong>Paul&nbsp;Posichon<\/strong>,&nbsp;Gallicizace&nbsp;\u201epole position\u201c), Yamaha XT600.<br><strong>Pierre&nbsp;Leghnome<\/strong>&nbsp;\u2013 Leghnome: trpasl\u00edk; s ohledem na samotnou velikost V-Max), Yamaha V-Max.<br><strong>Raoul&nbsp;Toujour<\/strong>,&nbsp;(m\u016f\u017eeme p\u0159elo\u017eit Mr Ride nav\u017edy), BMW R90\/6.<\/p>\n\n\n\n<p><strong>J\u00e9r\u00e9mie&nbsp;Lapur\u00e9e <\/strong>H\u0159\u00ed\u010dka&nbsp;na \u201eJ&#8217;ai remis la pur\u00e9e\u201c, co\u017e je slangov\u00fd zp\u016fsob, jak \u0159\u00edct, \u017ee jsem zrychlil, \u201ela pur\u00e9e\u201c (bramborov\u00e1 ka\u0161e ve francouz\u0161tin\u011b) je metaforou s\u00edly.&nbsp;Jede Harley-DavidsonXL883R Sporttrack.<\/p>\n\n\n\n<p><\/p>\n\n\n<div class=\"wp-block-image\">\n<figure class=\"alignright size-large is-resized\"><img data-recalc-dims=\"1\" loading=\"lazy\" decoding=\"async\" src=\"https:\/\/i0.wp.com\/www.joebarteam.fun\/wp-content\/uploads\/2021\/12\/1639074308731-e1639078167434-688x1024.jpg?resize=210%2C312&#038;ssl=1\" alt=\"\" class=\"wp-image-199\" width=\"210\" height=\"312\" srcset=\"https:\/\/i0.wp.com\/www.joebarteam.fun\/wp-content\/uploads\/2021\/12\/1639074308731-e1639078167434.jpg?resize=688%2C1024&amp;ssl=1 688w, https:\/\/i0.wp.com\/www.joebarteam.fun\/wp-content\/uploads\/2021\/12\/1639074308731-e1639078167434.jpg?resize=202%2C300&amp;ssl=1 202w, https:\/\/i0.wp.com\/www.joebarteam.fun\/wp-content\/uploads\/2021\/12\/1639074308731-e1639078167434.jpg?resize=768%2C1143&amp;ssl=1 768w, https:\/\/i0.wp.com\/www.joebarteam.fun\/wp-content\/uploads\/2021\/12\/1639074308731-e1639078167434.jpg?w=1000&amp;ssl=1 1000w\" sizes=\"auto, (max-width: 210px) 100vw, 210px\" \/><\/figure>\n<\/div>\n\n\n<blockquote class=\"wp-block-quote has-text-align-left is-layout-flow wp-block-quote-is-layout-flow\"><p><em>Tak\u017ee m\u016fj p\u0159\u00edteli, pokud se chce\u0161 dob\u0159e pobavit, a\u017e uvid\u00ed\u0161, jak francouz\u0161t\u00ed motork\u00e1\u0159i za posledn\u00edch 30 let pro\u017e\u00edvali kulturu motocykl\u016f, najde\u0161 tu celou kolekci JOE BAR TEAM.&nbsp;V\u011b\u0159te mi, \u017ee \u010dten\u00ed tohoto komiksu v\u00e1m pom\u016f\u017ee zapomenout na v\u00e1\u0161 \u201e\u017eivot\u201c na soci\u00e1ln\u00edch s\u00edt\u00edch\u2026<\/em><\/p><p><em>Douf\u00e1m, \u017ee se v\u00e1m bude pam\u00e1tn\u00edk francouzsk\u00e9ho motork\u00e1\u0159sk\u00e9ho zp\u016fsobu \u017eivota l\u00edbit.<\/em><\/p><p><em>Uvid\u00edme se brzy na cest\u011b (kdo v\u00ed<\/em>?).<\/p><\/blockquote>\n\n\n\n<p class=\"has-text-align-left\"><em>Herv\u00e9, tv\u016fj p\u0159\u00edtel, <\/em><\/p>\n\n\n\n<p class=\"has-text-align-left\"><em>francouzsk\u00fd motork\u00e1\u0159.<\/em><\/p>\n\n\n<div class=\"wp-block-image\">\n<figure class=\"alignleft size-large is-resized\"><img data-recalc-dims=\"1\" loading=\"lazy\" decoding=\"async\" src=\"https:\/\/i0.wp.com\/www.joebarteam.fun\/wp-content\/uploads\/2021\/12\/1639074308747-scaled-e1639164781608-1024x769.jpg?resize=394%2C296&#038;ssl=1\" alt=\"\" class=\"wp-image-201\" width=\"394\" height=\"296\" srcset=\"https:\/\/i0.wp.com\/www.joebarteam.fun\/wp-content\/uploads\/2021\/12\/1639074308747-scaled-e1639164781608.jpg?resize=1024%2C769&amp;ssl=1 1024w, https:\/\/i0.wp.com\/www.joebarteam.fun\/wp-content\/uploads\/2021\/12\/1639074308747-scaled-e1639164781608.jpg?resize=300%2C225&amp;ssl=1 300w, https:\/\/i0.wp.com\/www.joebarteam.fun\/wp-content\/uploads\/2021\/12\/1639074308747-scaled-e1639164781608.jpg?resize=768%2C577&amp;ssl=1 768w, https:\/\/i0.wp.com\/www.joebarteam.fun\/wp-content\/uploads\/2021\/12\/1639074308747-scaled-e1639164781608.jpg?resize=1536%2C1153&amp;ssl=1 1536w, https:\/\/i0.wp.com\/www.joebarteam.fun\/wp-content\/uploads\/2021\/12\/1639074308747-scaled-e1639164781608.jpg?resize=2048%2C1538&amp;ssl=1 2048w, https:\/\/i0.wp.com\/www.joebarteam.fun\/wp-content\/uploads\/2021\/12\/1639074308747-scaled-e1639164781608.jpg?resize=1320%2C991&amp;ssl=1 1320w, https:\/\/i0.wp.com\/www.joebarteam.fun\/wp-content\/uploads\/2021\/12\/1639074308747-scaled-e1639164781608.jpg?w=2280&amp;ssl=1 2280w\" sizes=\"auto, (max-width: 394px) 100vw, 394px\" \/><\/figure>\n<\/div>\n\n\n<div class=\"wp-block-group\"><div class=\"wp-block-group__inner-container is-layout-flow wp-block-group-is-layout-flow\"><div class=\"wp-block-image\">\n<figure class=\"alignright size-large is-resized\"><img data-recalc-dims=\"1\" loading=\"lazy\" decoding=\"async\" src=\"https:\/\/i0.wp.com\/www.joebarteam.fun\/wp-content\/uploads\/2021\/12\/1639077086233-e1639077307900-768x1024.jpg?resize=225%2C300&#038;ssl=1\" alt=\"\" class=\"wp-image-213\" width=\"225\" height=\"300\" srcset=\"https:\/\/i0.wp.com\/www.joebarteam.fun\/wp-content\/uploads\/2021\/12\/1639077086233-e1639077307900.jpg?resize=768%2C1024&amp;ssl=1 768w, https:\/\/i0.wp.com\/www.joebarteam.fun\/wp-content\/uploads\/2021\/12\/1639077086233-e1639077307900.jpg?resize=225%2C300&amp;ssl=1 225w, https:\/\/i0.wp.com\/www.joebarteam.fun\/wp-content\/uploads\/2021\/12\/1639077086233-e1639077307900.jpg?resize=1152%2C1536&amp;ssl=1 1152w, https:\/\/i0.wp.com\/www.joebarteam.fun\/wp-content\/uploads\/2021\/12\/1639077086233-e1639077307900.jpg?w=1200&amp;ssl=1 1200w\" sizes=\"auto, (max-width: 225px) 100vw, 225px\" \/><\/figure>\n<\/div><\/div><\/div>\n\n\n<div class=\"wp-block-image\">\n<figure class=\"alignleft size-large is-resized\"><img data-recalc-dims=\"1\" loading=\"lazy\" decoding=\"async\" src=\"https:\/\/i0.wp.com\/www.joebarteam.fun\/wp-content\/uploads\/2021\/12\/1639074308721-e1639079495221-1024x525.jpg?resize=290%2C148&#038;ssl=1\" alt=\"\" class=\"wp-image-198\" width=\"290\" height=\"148\" srcset=\"https:\/\/i0.wp.com\/www.joebarteam.fun\/wp-content\/uploads\/2021\/12\/1639074308721-e1639079495221.jpg?resize=1024%2C525&amp;ssl=1 1024w, https:\/\/i0.wp.com\/www.joebarteam.fun\/wp-content\/uploads\/2021\/12\/1639074308721-e1639079495221.jpg?resize=300%2C154&amp;ssl=1 300w, https:\/\/i0.wp.com\/www.joebarteam.fun\/wp-content\/uploads\/2021\/12\/1639074308721-e1639079495221.jpg?resize=768%2C394&amp;ssl=1 768w, https:\/\/i0.wp.com\/www.joebarteam.fun\/wp-content\/uploads\/2021\/12\/1639074308721-e1639079495221.jpg?resize=1536%2C787&amp;ssl=1 1536w, https:\/\/i0.wp.com\/www.joebarteam.fun\/wp-content\/uploads\/2021\/12\/1639074308721-e1639079495221.jpg?resize=1320%2C677&amp;ssl=1 1320w, https:\/\/i0.wp.com\/www.joebarteam.fun\/wp-content\/uploads\/2021\/12\/1639074308721-e1639079495221.jpg?w=1600&amp;ssl=1 1600w\" sizes=\"auto, (max-width: 290px) 100vw, 290px\" \/><\/figure>\n<\/div>\n\n<div class=\"wp-block-image\">\n<figure class=\"alignright size-large is-resized\"><img data-recalc-dims=\"1\" loading=\"lazy\" decoding=\"async\" src=\"https:\/\/i0.wp.com\/www.joebarteam.fun\/wp-content\/uploads\/2021\/12\/1639074308698.jpg?resize=273%2C205&#038;ssl=1\" alt=\"\" class=\"wp-image-202\" width=\"273\" height=\"205\" srcset=\"https:\/\/i0.wp.com\/www.joebarteam.fun\/wp-content\/uploads\/2021\/12\/1639074308698.jpg?resize=1024%2C768&amp;ssl=1 1024w, https:\/\/i0.wp.com\/www.joebarteam.fun\/wp-content\/uploads\/2021\/12\/1639074308698.jpg?resize=300%2C225&amp;ssl=1 300w, https:\/\/i0.wp.com\/www.joebarteam.fun\/wp-content\/uploads\/2021\/12\/1639074308698.jpg?resize=768%2C576&amp;ssl=1 768w, https:\/\/i0.wp.com\/www.joebarteam.fun\/wp-content\/uploads\/2021\/12\/1639074308698.jpg?resize=1536%2C1152&amp;ssl=1 1536w, https:\/\/i0.wp.com\/www.joebarteam.fun\/wp-content\/uploads\/2021\/12\/1639074308698.jpg?resize=1320%2C990&amp;ssl=1 1320w, https:\/\/i0.wp.com\/www.joebarteam.fun\/wp-content\/uploads\/2021\/12\/1639074308698.jpg?w=1600&amp;ssl=1 1600w\" sizes=\"auto, (max-width: 273px) 100vw, 273px\" \/><\/figure>\n<\/div>\n\n<div class=\"wp-block-image\">\n<figure class=\"aligncenter size-large is-resized\"><img data-recalc-dims=\"1\" loading=\"lazy\" decoding=\"async\" src=\"https:\/\/i0.wp.com\/www.joebarteam.fun\/wp-content\/uploads\/2021\/12\/1639074308709.jpg?resize=839%2C629&#038;ssl=1\" alt=\"\" class=\"wp-image-197\" width=\"839\" height=\"629\" srcset=\"https:\/\/i0.wp.com\/www.joebarteam.fun\/wp-content\/uploads\/2021\/12\/1639074308709.jpg?resize=1024%2C768&amp;ssl=1 1024w, https:\/\/i0.wp.com\/www.joebarteam.fun\/wp-content\/uploads\/2021\/12\/1639074308709.jpg?resize=300%2C225&amp;ssl=1 300w, https:\/\/i0.wp.com\/www.joebarteam.fun\/wp-content\/uploads\/2021\/12\/1639074308709.jpg?resize=768%2C576&amp;ssl=1 768w, https:\/\/i0.wp.com\/www.joebarteam.fun\/wp-content\/uploads\/2021\/12\/1639074308709.jpg?resize=1536%2C1152&amp;ssl=1 1536w, https:\/\/i0.wp.com\/www.joebarteam.fun\/wp-content\/uploads\/2021\/12\/1639074308709.jpg?resize=1320%2C990&amp;ssl=1 1320w, https:\/\/i0.wp.com\/www.joebarteam.fun\/wp-content\/uploads\/2021\/12\/1639074308709.jpg?w=1600&amp;ssl=1 1600w\" sizes=\"auto, (max-width: 839px) 100vw, 839px\" \/><\/figure>\n<\/div>\n\n\n<h2 class=\"wp-block-heading\" id=\"animace-pribehu-joebarteamu\">Animace p\u0159\u00edb\u011bh\u016f JoeBarTeamu&#8230;! <img loading=\"lazy\" decoding=\"async\" height=\"16\" width=\"16\" alt=\"\ud83d\udc4d\" src=\"https:\/\/static.xx.fbcdn.net\/images\/emoji.php\/v9\/t55\/1.5\/16\/1f44d.png\"><img loading=\"lazy\" decoding=\"async\" height=\"16\" width=\"16\" alt=\"\ud83d\ude01\" src=\"https:\/\/static.xx.fbcdn.net\/images\/emoji.php\/v9\/ta8\/1.5\/16\/1f601.png\"><\/h2>\n\n\n\n<figure class=\"wp-block-embed is-type-video is-provider-youtube wp-block-embed-youtube wp-embed-aspect-16-9 wp-has-aspect-ratio\"><div class=\"wp-block-embed__wrapper\">\n<iframe loading=\"lazy\" title=\"dessin anim\u00e9e joe bar team\" width=\"1140\" height=\"641\" src=\"https:\/\/www.youtube.com\/embed\/YeuUp5_N_s0?feature=oembed\" frameborder=\"0\" allow=\"accelerometer; autoplay; clipboard-write; encrypted-media; gyroscope; picture-in-picture\" allowfullscreen><\/iframe>\n<\/div><figcaption>JoeBarTeam video<\/figcaption><\/figure>\n\n\n\n<figure class=\"wp-block-embed is-type-video is-provider-youtube wp-block-embed-youtube wp-embed-aspect-16-9 wp-has-aspect-ratio\"><div class=\"wp-block-embed__wrapper\">\n<iframe loading=\"lazy\" title=\"Velk\u00fd bazar (ba\u017eanti) - honi\u010dka\" width=\"1140\" height=\"641\" src=\"https:\/\/www.youtube.com\/embed\/ze_SKOg4CJI?feature=oembed\" frameborder=\"0\" allow=\"accelerometer; autoplay; clipboard-write; encrypted-media; gyroscope; picture-in-picture\" allowfullscreen><\/iframe>\n<\/div><figcaption>Les Charlots moto akce)<\/figcaption><\/figure>\n\n\n\n<p><strong>\u00a9 Editions Gl\u00e9nat by Bar2 &amp; Fane \u00a0ALL RIGHTS RESERVED<\/strong><\/p>\n\n\n\n<p><strong>\u00a9 Ve\u0161ker\u00e1 pr\u00e1va vyhrazena ruge.cz<\/strong><\/p>\n\n\n<div class=\"wp-block-image\">\n<figure class=\"aligncenter size-full is-resized\"><img data-recalc-dims=\"1\" loading=\"lazy\" decoding=\"async\" src=\"https:\/\/i0.wp.com\/www.joebarteam.fun\/wp-content\/uploads\/2022\/02\/ruge-smlpk.jpg?resize=259%2C106&#038;ssl=1\" alt=\"\" class=\"wp-image-701\" width=\"259\" height=\"106\" srcset=\"https:\/\/i0.wp.com\/www.joebarteam.fun\/wp-content\/uploads\/2022\/02\/ruge-smlpk.jpg?w=830&amp;ssl=1 830w, https:\/\/i0.wp.com\/www.joebarteam.fun\/wp-content\/uploads\/2022\/02\/ruge-smlpk.jpg?resize=300%2C123&amp;ssl=1 300w, https:\/\/i0.wp.com\/www.joebarteam.fun\/wp-content\/uploads\/2022\/02\/ruge-smlpk.jpg?resize=768%2C316&amp;ssl=1 768w\" sizes=\"auto, (max-width: 259px) 100vw, 259px\" \/><\/figure>\n<\/div>\n\n\n<p><\/p>\n","protected":false},"excerpt":{"rendered":"<p>VIDEO BONUS NA KONCI T\u00c9TO STR\u00c1NKY !!! Prvn\u00ed d\u00edl byl p\u016fvodn\u011b vyd\u00e1n v roce 1990 a m\u011bl dal\u0161\u00edch \u0161est d\u00edl\u016f.&nbsp;Dobrodru\u017estv\u00ed jezdc\u016f se odehr\u00e1valo v roce 1975 v Pa\u0159\u00ed\u017ei, ale jejich motocykly byly v pozd\u011bj\u0161\u00edch komiksech vym\u011bn\u011bny za modern\u011bj\u0161\u00ed.&nbsp;\u010casov\u00e9 zasazen\u00ed nen\u00ed a\u017e tak d\u016fle\u017eit\u00e9, proto\u017ee situace, se kter\u00fdmi se setk\u00e1vaj\u00ed, jsou nad\u010dasov\u00e9 a vtipn\u011b zobrazuj\u00ed v\u0161echny [&hellip;]<\/p>\n","protected":false},"author":1,"featured_media":0,"parent":0,"menu_order":0,"comment_status":"closed","ping_status":"closed","template":"","meta":{"om_disable_all_campaigns":false,"_monsterinsights_skip_tracking":false,"_monsterinsights_sitenote_active":false,"_monsterinsights_sitenote_note":"","_monsterinsights_sitenote_category":0,"_uf_show_specific_survey":0,"_uf_disable_surveys":false,"footnotes":""},"class_list":["post-193","page","type-page","status-publish","hentry"],"aioseo_notices":[],"jetpack_sharing_enabled":true,"_links":{"self":[{"href":"https:\/\/www.joebarteam.fun\/index.php?rest_route=\/wp\/v2\/pages\/193","targetHints":{"allow":["GET"]}}],"collection":[{"href":"https:\/\/www.joebarteam.fun\/index.php?rest_route=\/wp\/v2\/pages"}],"about":[{"href":"https:\/\/www.joebarteam.fun\/index.php?rest_route=\/wp\/v2\/types\/page"}],"author":[{"embeddable":true,"href":"https:\/\/www.joebarteam.fun\/index.php?rest_route=\/wp\/v2\/users\/1"}],"replies":[{"embeddable":true,"href":"https:\/\/www.joebarteam.fun\/index.php?rest_route=%2Fwp%2Fv2%2Fcomments&post=193"}],"version-history":[{"count":67,"href":"https:\/\/www.joebarteam.fun\/index.php?rest_route=\/wp\/v2\/pages\/193\/revisions"}],"predecessor-version":[{"id":1450,"href":"https:\/\/www.joebarteam.fun\/index.php?rest_route=\/wp\/v2\/pages\/193\/revisions\/1450"}],"wp:attachment":[{"href":"https:\/\/www.joebarteam.fun\/index.php?rest_route=%2Fwp%2Fv2%2Fmedia&parent=193"}],"curies":[{"name":"wp","href":"https:\/\/api.w.org\/{rel}","templated":true}]}}