{"id":355,"date":"2021-12-10T15:34:57","date_gmt":"2021-12-10T15:34:57","guid":{"rendered":"https:\/\/www.joebarteam.fun\/?page_id=355"},"modified":"2026-03-27T11:16:18","modified_gmt":"2026-03-27T11:16:18","slug":"prodejny","status":"publish","type":"page","link":"https:\/\/www.joebarteam.fun\/?page_id=355","title":{"rendered":"Prodejny"},"content":{"rendered":"\n<div class=\"wp-block-image\"><figure class=\"alignleft size-full is-resized\"><img data-recalc-dims=\"1\" loading=\"lazy\" decoding=\"async\" src=\"https:\/\/i0.wp.com\/www.joebarteam.fun\/wp-content\/uploads\/2022\/02\/ruge-smlpk.jpg?resize=106%2C42&#038;ssl=1\" alt=\"\" class=\"wp-image-701\" width=\"106\" height=\"42\" srcset=\"https:\/\/i0.wp.com\/www.joebarteam.fun\/wp-content\/uploads\/2022\/02\/ruge-smlpk.jpg?resize=300%2C123&amp;ssl=1 300w, https:\/\/i0.wp.com\/www.joebarteam.fun\/wp-content\/uploads\/2022\/02\/ruge-smlpk.jpg?zoom=2&amp;resize=106%2C42&amp;ssl=1 212w\" sizes=\"auto, (max-width: 106px) 100vw, 106px\" \/><\/figure><\/div>\n\n\n\n<div class=\"wp-block-columns is-layout-flex wp-container-core-columns-is-layout-9d6595d7 wp-block-columns-is-layout-flex\">\n<div class=\"wp-block-column is-layout-flow wp-block-column-is-layout-flow\" style=\"flex-basis:100%\">\n<p class=\"has-text-align-left\"><a href=\"http:\/\/www.ruge.cz\" target=\"_blank\" rel=\"noreferrer noopener\"><strong>Ruge.cz<\/strong> custom garage<\/a> + kov\u00e1rna. Motocykly, p\u0159estavby, v\u00fdroba d\u00edl\u016f pro caferacer, scrambler, chopper, veter\u00e1ny &#8230;<\/p>\n<\/div>\n<\/div>\n\n\n\n<div class=\"wp-block-image\"><figure class=\"alignleft is-resized\"><img data-recalc-dims=\"1\" loading=\"lazy\" decoding=\"async\" src=\"https:\/\/i0.wp.com\/www.arieta.cz\/logo.jpg?resize=58%2C52\" alt=\"ARIETA Creative Shop\" width=\"58\" height=\"52\"\/><\/figure><\/div>\n\n\n\n<div class=\"wp-block-columns is-layout-flex wp-container-core-columns-is-layout-9d6595d7 wp-block-columns-is-layout-flex\">\n<div class=\"wp-block-column is-layout-flow wp-block-column-is-layout-flow\" style=\"flex-basis:100%\">\n<p class=\"has-text-align-left\"><strong><a href=\"http:\/\/www.arieta.cz\" target=\"_blank\" rel=\"noreferrer noopener\">Arieta<\/a><\/strong> &#8211; grafick\u00e9 studio, DTP, design a p\u0159\u00edprava tisku, um\u011bleck\u00e9 foto<\/p>\n<\/div>\n<\/div>\n\n\n\n<p><strong><a href=\"http:\/\/www.motoobchod.cz\/\">Motoobchod<\/a> <\/strong>  &#8211; eshop a prodejna &#8211; v\u0161e pro stroj i jezdce, dopl\u0148ky, n\u00e1hradn\u00ed d\u00edly, oble\u010den\u00ed, p\u0159ilby mnoha zna\u010dek. \u017d\u00e1dejte zde JBTeam fyzicky nebo online.  <\/p>\n\n\n\n<div class=\"wp-block-image\"><figure class=\"alignleft is-resized\"><a href=\"https:\/\/www.comicspoint.cz\/\"><img data-recalc-dims=\"1\" loading=\"lazy\" decoding=\"async\" src=\"https:\/\/i0.wp.com\/img.comicspoint.cz\/images\/cp_logo_n.png?resize=103%2C20&#038;ssl=1\" alt=\"Comics Point\" width=\"103\" height=\"20\"\/><\/a><\/figure><\/div>\n\n\n\n<div class=\"wp-block-columns is-layout-flex wp-container-core-columns-is-layout-9d6595d7 wp-block-columns-is-layout-flex\">\n<div class=\"wp-block-column is-layout-flow wp-block-column-is-layout-flow\" style=\"flex-basis:100%\">\n<p>S\u00ed\u0165 komiksov\u00fdch speci\u00e1lek <strong><a href=\"https:\/\/www.comicspoint.cz\/joe-bar-team-1\" target=\"_blank\" rel=\"noreferrer noopener\">ComicsPoint<\/a> <\/strong>prod\u00e1v\u00e1 JoeBarTeam edici.  3x v Praze!<\/p>\n<\/div>\n<\/div>\n\n\n\n<div class=\"wp-block-columns is-layout-flex wp-container-core-columns-is-layout-9d6595d7 wp-block-columns-is-layout-flex\">\n<div class=\"wp-block-column is-layout-flow wp-block-column-is-layout-flow\" style=\"flex-basis:100%\">\n<p><strong><mark style=\"background-color:rgba(0, 0, 0, 0)\" class=\"has-inline-color has-vivid-red-color\"><a href=\"https:\/\/www.mlp.cz\/cz\/\" target=\"_blank\" rel=\"noreferrer noopener\" title=\"M\u011bstsk\u00e1 knihovna v Praze\">M\u011bstsk\u00e1 knihovna v Praze<\/a><\/mark><\/strong>, ctihodn\u00e1 ta instituce, zap\u016fj\u010duje v\u00fdtisky JoeBarTeamu!   Tak\u00e9 plze\u0148sk\u00e1 a v \u010c.B..<\/p>\n<\/div>\n<\/div>\n\n\n\n<div class=\"wp-block-image\"><figure class=\"alignleft is-resized\"><a href=\"https:\/\/comicsdb.cz\/comics\/9254\/joe-bar-team-1   \"><img loading=\"lazy\" decoding=\"async\" src=\"https:\/\/comicsdb.cz\/assets\/img\/cdb5logo.svg\" alt=\"\" width=\"79\" height=\"24\"\/><\/a><\/figure><\/div>\n\n\n\n<div class=\"wp-block-columns is-layout-flex wp-container-core-columns-is-layout-9d6595d7 wp-block-columns-is-layout-flex\">\n<div class=\"wp-block-column is-layout-flow wp-block-column-is-layout-flow\" style=\"flex-basis:100%\">\n<p>Comics datab\u00e1ze, JoeBarTeam je uveden, m\u016f\u017eete hodnotit. \ud83d\ude42<\/p>\n<\/div>\n<\/div>\n\n\n\n<div class=\"wp-block-image\"><figure class=\"alignleft is-resized\"><a href=\"www.astron.cz\"><img data-recalc-dims=\"1\" loading=\"lazy\" decoding=\"async\" src=\"https:\/\/i0.wp.com\/astron.cz\/wp-content\/uploads\/2015\/03\/logo.png?resize=133%2C26\" alt=\"ASTRON group\" width=\"133\" height=\"26\"\/><\/a><\/figure><\/div>\n\n\n\n<p><strong><a href=\"http:\/\/www.astron.cz\" target=\"_blank\" rel=\"noreferrer noopener\">Astron Group<\/a><\/strong> tiskne JoeBarTeam i Motohouse&#8230;<\/p>\n\n\n\n<p><\/p>\n\n\n\n<p>.<\/p>\n\n\n\n<p><\/p>\n\n\n\n<hr class=\"wp-block-separator\"\/>\n\n\n\n<p>D\u00e1le \u017e\u00e1dejte JoeBar zde:<\/p>\n\n\n\n<p>ROCKWAY Liberec, Mil Hor\u00e1kov\u00e9, Motoshop<\/p>\n\n\n\n<p>ARKHAM, specializovan\u00e9 knihkupectv\u00ed v Praze 2<\/p>\n\n\n\n<p>imago Ostrava <\/p>\n\n\n\n<p>motoshopy v\u0161eho druhu <\/p>\n\n\n\n<p>komiks speci\u00e1l prodejny<\/p>\n\n\n\n<p>knihkupectv\u00ed v \u010cR a SR<\/p>\n\n\n\n<p><\/p>\n\n\n\n<p>Hled\u00e1me obchodn\u00ed, medi\u00e1ln\u00ed i v\u00fdrobn\u00ed partnery&#8230; Kontaktujte n\u00e1s.  \ud83d\ude42<\/p>\n\n\n\n<p><\/p>\n\n\n\n<figure class=\"wp-block-image size-full is-resized\"><img data-recalc-dims=\"1\" loading=\"lazy\" decoding=\"async\" src=\"https:\/\/i0.wp.com\/www.joebarteam.fun\/wp-content\/uploads\/2021\/12\/1275249614.jpg?resize=640%2C479&#038;ssl=1\" alt=\"\" class=\"wp-image-54\" width=\"640\" height=\"479\" srcset=\"https:\/\/i0.wp.com\/www.joebarteam.fun\/wp-content\/uploads\/2021\/12\/1275249614.jpg?w=640&amp;ssl=1 640w, https:\/\/i0.wp.com\/www.joebarteam.fun\/wp-content\/uploads\/2021\/12\/1275249614.jpg?resize=600%2C449&amp;ssl=1 600w, https:\/\/i0.wp.com\/www.joebarteam.fun\/wp-content\/uploads\/2021\/12\/1275249614.jpg?resize=300%2C225&amp;ssl=1 300w\" sizes=\"auto, (max-width: 640px) 100vw, 640px\" \/><\/figure>\n\n\n\n<p><\/p>\n","protected":false},"excerpt":{"rendered":"<p>Ruge.cz custom garage + kov\u00e1rna. Motocykly, p\u0159estavby, v\u00fdroba d\u00edl\u016f pro caferacer, scrambler, chopper, veter\u00e1ny &#8230; Arieta &#8211; grafick\u00e9 studio, DTP, design a p\u0159\u00edprava tisku, um\u011bleck\u00e9 foto Motoobchod &#8211; eshop a prodejna &#8211; v\u0161e pro stroj i jezdce, dopl\u0148ky, n\u00e1hradn\u00ed d\u00edly, oble\u010den\u00ed, p\u0159ilby mnoha zna\u010dek. \u017d\u00e1dejte zde JBTeam fyzicky nebo online. S\u00ed\u0165 komiksov\u00fdch speci\u00e1lek ComicsPoint prod\u00e1v\u00e1 [&hellip;]<\/p>\n","protected":false},"author":1,"featured_media":0,"parent":0,"menu_order":0,"comment_status":"closed","ping_status":"closed","template":"","meta":{"om_disable_all_campaigns":false,"_monsterinsights_skip_tracking":false,"_monsterinsights_sitenote_active":false,"_monsterinsights_sitenote_note":"","_monsterinsights_sitenote_category":0,"_uf_show_specific_survey":0,"_uf_disable_surveys":false,"footnotes":""},"class_list":["post-355","page","type-page","status-publish","hentry"],"aioseo_notices":[],"jetpack_sharing_enabled":true,"_links":{"self":[{"href":"https:\/\/www.joebarteam.fun\/index.php?rest_route=\/wp\/v2\/pages\/355","targetHints":{"allow":["GET"]}}],"collection":[{"href":"https:\/\/www.joebarteam.fun\/index.php?rest_route=\/wp\/v2\/pages"}],"about":[{"href":"https:\/\/www.joebarteam.fun\/index.php?rest_route=\/wp\/v2\/types\/page"}],"author":[{"embeddable":true,"href":"https:\/\/www.joebarteam.fun\/index.php?rest_route=\/wp\/v2\/users\/1"}],"replies":[{"embeddable":true,"href":"https:\/\/www.joebarteam.fun\/index.php?rest_route=%2Fwp%2Fv2%2Fcomments&post=355"}],"version-history":[{"count":41,"href":"https:\/\/www.joebarteam.fun\/index.php?rest_route=\/wp\/v2\/pages\/355\/revisions"}],"predecessor-version":[{"id":1213,"href":"https:\/\/www.joebarteam.fun\/index.php?rest_route=\/wp\/v2\/pages\/355\/revisions\/1213"}],"wp:attachment":[{"href":"https:\/\/www.joebarteam.fun\/index.php?rest_route=%2Fwp%2Fv2%2Fmedia&parent=355"}],"curies":[{"name":"wp","href":"https:\/\/api.w.org\/{rel}","templated":true}]}}